{"id":86,"date":"2025-04-28T14:02:39","date_gmt":"2025-04-28T12:02:39","guid":{"rendered":"https:\/\/www.psoriasis-trust.com\/?page_id=86"},"modified":"2025-05-02T15:42:41","modified_gmt":"2025-05-02T13:42:41","slug":"about-us","status":"publish","type":"page","link":"https:\/\/www.psoriasis-trust.com\/pl\/about-us\/","title":{"rendered":""},"content":{"rendered":"<div class=\"wp-block-group alignfull has-accent-5-background-color has-background is-layout-constrained wp-container-core-group-is-layout-d89aad35 wp-block-group-is-layout-constrained\" style=\"margin-top:0;margin-bottom:0;padding-top:var(--wp--preset--spacing--50);padding-right:var(--wp--preset--spacing--50);padding-bottom:var(--wp--preset--spacing--50);padding-left:var(--wp--preset--spacing--50)\">\n<div class=\"wp-block-columns alignwide is-layout-flex wp-container-core-columns-is-layout-1da03c2a wp-block-columns-is-layout-flex\">\n<div class=\"wp-block-column is-vertically-aligned-center is-layout-flow wp-block-column-is-layout-flow\" style=\"flex-basis:60%\">\n<figure class=\"wp-block-image aligncenter size-full is-resized is-style-default\"><img fetchpriority=\"high\" decoding=\"async\" width=\"710\" height=\"722\" src=\"https:\/\/www.psoriasis-trust.com\/wp-content\/uploads\/2025\/05\/Zrzut-ekranu-2025-05-2-o-14.36.51.png\" alt=\"\" class=\"wp-image-155\" style=\"width:430px;height:auto\" srcset=\"https:\/\/www.psoriasis-trust.com\/wp-content\/uploads\/2025\/05\/Zrzut-ekranu-2025-05-2-o-14.36.51.png 710w, https:\/\/www.psoriasis-trust.com\/wp-content\/uploads\/2025\/05\/Zrzut-ekranu-2025-05-2-o-14.36.51-295x300.png 295w, https:\/\/www.psoriasis-trust.com\/wp-content\/uploads\/2025\/05\/Zrzut-ekranu-2025-05-2-o-14.36.51-12x12.png 12w\" sizes=\"(max-width: 710px) 100vw, 710px\" \/><\/figure>\n<\/div>\n\n\n\n<div class=\"wp-block-column is-layout-flow wp-block-column-is-layout-flow\" style=\"flex-basis:40%\">\n<h2 class=\"wp-block-heading has-text-align-center\" style=\"font-size:32px\"><em><strong>Kim jeste\u015bmy?<\/strong><\/em><\/h2>\n\n\n\n<p class=\"has-text-align-center has-jost-font-family\" style=\"font-size:16px\">PsoriasisTrust to zaufana organizacja specjalizuj\u0105ca si\u0119 w testowaniu i certyfikacji produkt\u00f3w kosmetycznych, kt\u00f3re s\u0105 bezpieczne do stosowania przez osoby chore na \u0142uszczyc\u0119. W naszym zespole pracuj\u0105 wykwalifikowani specjali\u015bci z dziedziny dermatologii i eksperci w dziedzinie piel\u0119gnacji sk\u00f3ry.<\/p>\n\n\n\n<p class=\"has-text-align-center has-jost-font-family\" style=\"font-size:16px\">Posiadamy nowoczesne laboratorium, w kt\u00f3rym przeprowadzamy szczeg\u00f3\u0142owe badania i testy, aby zapewni\u0107, \u017ce certyfikowane przez nas produkty s\u0105 bezpieczne i odpowiednie dla sk\u00f3ry z \u0142uszczyc\u0105.<\/p>\n<\/div>\n<\/div>\n<\/div>\n\n\n\n<div class=\"wp-block-group alignfull has-text-color has-background is-layout-flow wp-block-group-is-layout-flow\" style=\"color:#ffffff;background-color:#efebe3;padding-top:100px;padding-right:100px;padding-bottom:100px;padding-left:100px\">\n<h1 class=\"wp-block-heading has-text-align-center has-foreground-color has-text-color has-link-color wp-elements-c445c7d46aeb3282ff39a82e1e9a9cdd\" style=\"font-size:32px\"><em><strong>Wi\u0119cej O NAS<\/strong><\/em><\/h1>\n<\/div>\n\n\n\n<div class=\"wp-block-group alignfull has-background is-layout-constrained wp-container-core-group-is-layout-d89aad35 wp-block-group-is-layout-constrained\" style=\"background-color:#ffffff;margin-top:0;margin-bottom:0;padding-top:var(--wp--preset--spacing--50);padding-right:var(--wp--preset--spacing--50);padding-bottom:var(--wp--preset--spacing--50);padding-left:var(--wp--preset--spacing--50)\">\n<div class=\"wp-block-columns alignwide are-vertically-aligned-center is-layout-flex wp-container-core-columns-is-layout-47c06fe3 wp-block-columns-is-layout-flex\">\n<div class=\"wp-block-column is-vertically-aligned-center is-layout-flow wp-block-column-is-layout-flow\" style=\"flex-basis:50%\">\n<h2 class=\"wp-block-heading has-text-align-center\" style=\"font-size:32px\"><strong><em>Nasza<\/em> <em>MISJA<\/em><\/strong><\/h2>\n\n\n\n<p class=\"has-text-align-center has-jost-font-family\" style=\"font-size:16px\">Nasz\u0105 misj\u0105 w PsoriasisTrust jest zapewnienie osobom chorym na \u0142uszczyc\u0119 dost\u0119pu do bezpiecznych, skutecznych i przyjaznych sk\u00f3rze produkt\u00f3w kosmetycznych. Rozumiemy wyj\u0105tkowe wyzwania stoj\u0105ce przed osobami chorymi na \u0142uszczyc\u0119 i staramy si\u0119 pomaga\u0107 im w znalezieniu produkt\u00f3w wspieraj\u0105cych zdrowie ich sk\u00f3ry i poprawiaj\u0105cych jako\u015b\u0107 \u017cycia.<\/p>\n<\/div>\n\n\n\n<div class=\"wp-block-column is-vertically-aligned-center is-layout-flow wp-block-column-is-layout-flow\" style=\"flex-basis:50%\">\n<figure class=\"wp-block-image aligncenter size-full is-style-default\"><img decoding=\"async\" src=\"https:\/\/psoriasistrust.com\/wp-content\/uploads\/2024\/07\/Screenshot-from-2024-07-16-17-42-15-e1721145269715.png\" alt=\"\" class=\"wp-image-269\" style=\"aspect-ratio:1.3333333333333333;object-fit:cover\"\/><\/figure>\n<\/div>\n<\/div>\n<\/div>\n\n\n\n<div class=\"wp-block-group alignfull has-base-2-background-color has-background is-layout-constrained wp-container-core-group-is-layout-669513ed wp-block-group-is-layout-constrained\" style=\"margin-top:0;margin-bottom:0;padding-top:var(--wp--preset--spacing--50);padding-right:var(--wp--preset--spacing--50);padding-bottom:var(--wp--preset--spacing--50);padding-left:var(--wp--preset--spacing--50)\">\n<div class=\"wp-block-group alignfull is-layout-constrained wp-container-core-group-is-layout-669513ed wp-block-group-is-layout-constrained\" style=\"margin-top:0;margin-bottom:0;padding-top:var(--wp--preset--spacing--50);padding-right:var(--wp--preset--spacing--50);padding-bottom:var(--wp--preset--spacing--50);padding-left:var(--wp--preset--spacing--50)\">\n<p class=\"has-text-align-center has-source-serif-pro-font-family\" style=\"font-size:39px\"><strong>Dlaczego MY?<\/strong><\/p>\n\n\n\n<div class=\"wp-block-group alignwide has-base-2-background-color has-background is-layout-constrained wp-container-core-group-is-layout-a151063b wp-block-group-is-layout-constrained\" style=\"border-radius:16px;padding-top:var(--wp--preset--spacing--50);padding-right:var(--wp--preset--spacing--40);padding-bottom:var(--wp--preset--spacing--50);padding-left:var(--wp--preset--spacing--40)\">\n<div class=\"wp-block-columns alignwide is-layout-flex wp-container-core-columns-is-layout-06670bbc wp-block-columns-is-layout-flex\">\n<div class=\"wp-block-column is-layout-flow wp-block-column-is-layout-flow\">\n<hr class=\"wp-block-separator has-alpha-channel-opacity is-style-wide\" style=\"margin-top:0;margin-bottom:0\"\/>\n\n\n\n<h2 class=\"wp-block-heading has-text-align-center\" style=\"font-size:28px\">EKSPERTYZA<\/h2>\n\n\n\n<p class=\"has-text-align-center has-jost-font-family\" style=\"font-size:16px\">Nasz zesp\u00f3\u0142 to specjali\u015bci, w tym do\u015bwiadczeni kosmetolodzy i dermatolodzy, wyspecjalizowani w piel\u0119gnacji sk\u00f3ry \u0142uszczycowej.<\/p>\n<\/div>\n\n\n\n<div class=\"wp-block-column is-layout-flow wp-block-column-is-layout-flow\">\n<hr class=\"wp-block-separator has-alpha-channel-opacity is-style-wide\"\/>\n\n\n\n<h3 class=\"wp-block-heading has-text-align-center\" style=\"font-size:28px\">ZAUFANIE<\/h3>\n\n\n\n<p class=\"has-text-align-center has-jost-font-family\" style=\"font-size:16px\">Nasz znak certyfikacji jest symbolem zaufania i jako\u015bci, uznawanym zar\u00f3wno przez konsument\u00f3w jak i specjalist\u00f3w bran\u017cy kosmetycznej.<\/p>\n<\/div>\n\n\n\n<div class=\"wp-block-column is-layout-flow wp-block-column-is-layout-flow\">\n<hr class=\"wp-block-separator has-alpha-channel-opacity is-style-wide\"\/>\n\n\n\n<h3 class=\"wp-block-heading has-text-align-center\" style=\"font-size:28px\">AUTENTYCZNO\u015a\u0106<\/h3>\n\n\n\n<p class=\"has-text-align-center has-jost-font-family\" style=\"font-size:16px\">Nasze dzia\u0142ania s\u0105 realizowane przez ludzi, kt\u00f3rzy wiedz\u0105, co to znaczy \u017cy\u0107 z \u0142uszczyc\u0105.<\/p>\n<\/div>\n<\/div>\n\n\n\n<div style=\"height:112px\" aria-hidden=\"true\" class=\"wp-block-spacer\"><\/div>\n\n\n\n<div class=\"wp-block-cover alignfull is-light\" style=\"margin-top:0;padding-top:5vw;padding-right:5vw;padding-bottom:5vw;padding-left:5vw;min-height:66vh;aspect-ratio:unset;\"><img decoding=\"async\" width=\"999\" height=\"1024\" class=\"wp-block-cover__image-background wp-image-162 size-large\" alt=\"\" src=\"http:\/\/www.psoriasis-trust.com\/wp-content\/uploads\/2025\/05\/Zrzut-ekranu-2025-05-2-o-14.45.34-999x1024.png\" data-object-fit=\"cover\" srcset=\"https:\/\/www.psoriasis-trust.com\/wp-content\/uploads\/2025\/05\/Zrzut-ekranu-2025-05-2-o-14.45.34-999x1024.png 999w, https:\/\/www.psoriasis-trust.com\/wp-content\/uploads\/2025\/05\/Zrzut-ekranu-2025-05-2-o-14.45.34-293x300.png 293w, https:\/\/www.psoriasis-trust.com\/wp-content\/uploads\/2025\/05\/Zrzut-ekranu-2025-05-2-o-14.45.34-768x787.png 768w, https:\/\/www.psoriasis-trust.com\/wp-content\/uploads\/2025\/05\/Zrzut-ekranu-2025-05-2-o-14.45.34-12x12.png 12w, https:\/\/www.psoriasis-trust.com\/wp-content\/uploads\/2025\/05\/Zrzut-ekranu-2025-05-2-o-14.45.34.png 1302w\" sizes=\"(max-width: 999px) 100vw, 999px\" \/><span aria-hidden=\"true\" class=\"wp-block-cover__background has-background-dim-0 has-background-dim has-background-gradient\" style=\"background-color:#e1d6c6;background:linear-gradient(90deg,rgb(35,74,20) 50%,rgb(225,137,116) 50%)\"><\/span><div class=\"wp-block-cover__inner-container is-layout-flow wp-block-cover-is-layout-flow\">\n<div class=\"wp-block-group wp-container-content-9cfa9a5a is-layout-constrained wp-container-core-group-is-layout-a1274fd4 wp-block-group-is-layout-constrained\">\n<div style=\"height:100px\" aria-hidden=\"true\" class=\"wp-block-spacer\"><\/div>\n\n\n\n<div class=\"wp-block-cover is-light wp-duotone-000000-ffffff-1\"><img decoding=\"async\" width=\"1024\" height=\"997\" class=\"wp-block-cover__image-background wp-image-167 size-large\" alt=\"\" src=\"https:\/\/www.psoriasis-trust.com\/wp-content\/uploads\/2025\/05\/Zrzut-ekranu-2025-05-2-o-14.55.33-1024x997.png\" data-object-fit=\"cover\" srcset=\"https:\/\/www.psoriasis-trust.com\/wp-content\/uploads\/2025\/05\/Zrzut-ekranu-2025-05-2-o-14.55.33-1024x997.png 1024w, https:\/\/www.psoriasis-trust.com\/wp-content\/uploads\/2025\/05\/Zrzut-ekranu-2025-05-2-o-14.55.33-300x292.png 300w, https:\/\/www.psoriasis-trust.com\/wp-content\/uploads\/2025\/05\/Zrzut-ekranu-2025-05-2-o-14.55.33-768x747.png 768w, https:\/\/www.psoriasis-trust.com\/wp-content\/uploads\/2025\/05\/Zrzut-ekranu-2025-05-2-o-14.55.33-12x12.png 12w, https:\/\/www.psoriasis-trust.com\/wp-content\/uploads\/2025\/05\/Zrzut-ekranu-2025-05-2-o-14.55.33.png 1044w\" sizes=\"(max-width: 1024px) 100vw, 1024px\" \/><span aria-hidden=\"true\" class=\"wp-block-cover__background has-background-background-color has-background-dim\"><\/span><div class=\"wp-block-cover__inner-container is-layout-flow wp-block-cover-is-layout-flow\">\n<p class=\"has-text-align-center has-source-serif-pro-font-family has-large-font-size\"><strong><em> Do\u0142\u0105cz do NAS!<\/em><\/strong><\/p>\n\n\n\n<p class=\"has-text-align-center has-source-serif-pro-font-family has-large-font-size\"><\/p>\n\n\n\n<p class=\"has-text-align-center has-jost-font-family\" style=\"font-size:16px\">Je\u015bli jeste\u015b firm\u0105 kosmetyczn\u0105 zainteresowan\u0105 uzyskaniem naszego certyfikatu, zapraszamy do zapoznania si\u0119 z naszym procesem i przes\u0142ania swoich produkt\u00f3w do oceny.<\/p>\n\n\n\n<p class=\"has-text-align-center has-jost-font-family\" style=\"font-size:16px\">Nasz proces certyfikacji jest kompleksowy i przejrzysty. Ka\u017cdy produkt przechodzi rygorystyczne testy i oceny, aby upewni\u0107 si\u0119, \u017ce spe\u0142nia nasze wysokie standardy. Zdobywaj\u0105c znak PsoriasisTrust i wsp\u00f3\u0142pracuj\u0105c z nami, zyskujesz nie tylko presti\u017cowy certyfikat, ale tak\u017ce wsparcie i zaufanie spo\u0142eczno\u015bci os\u00f3b z \u0142uszczyc\u0105.<\/p>\n\n\n\n<p class=\"has-text-align-center has-jost-font-family\" style=\"font-size:16px\">Do\u0142\u0105cz do grona firm, kt\u00f3rych produkty z dum\u0105 nosz\u0105 znak PsoriasisTrust i poka\u017c swoim klientom, \u017ce ich komfort s\u0105 dla Ciebie priorytetem. Razem mo\u017cemy poprawi\u0107 jako\u015b\u0107 \u017cycia os\u00f3b z \u0142uszczyc\u0105, oferuj\u0105c im bezpieczne i skuteczne kosmetyki.<\/p>\n<\/div><\/div>\n\n\n\n<div style=\"height:48px\" aria-hidden=\"true\" class=\"wp-block-spacer\"><\/div>\n<\/div>\n<\/div><\/div>\n\n\n\n<h2 class=\"wp-block-heading has-text-align-center\" style=\"font-size:32px\"><strong>Skontaktuj si\u0119 z nami<\/strong><\/h2>\n\n\n\n<p class=\"has-text-align-center has-body-font-family\" style=\"font-size:16px\">Aby uzyska\u0107 wi\u0119cej informacji na temat naszego procesu certyfikacji lub je\u015bli masz jakiekolwiek pytania, skontaktuj si\u0119 z nami.<\/p>\n\n\n\n<div class=\"wp-block-buttons is-content-justification-center is-layout-flex wp-container-core-buttons-is-layout-a89b3969 wp-block-buttons-is-layout-flex\">\n<div class=\"wp-block-button\"><a class=\"wp-block-button__link has-custom-font-size wp-element-button\" href=\"https:\/\/www.psoriasis-trust.com\/pl\/contact\/\" style=\"font-size:14px\" target=\"_blank\" rel=\"noreferrer noopener\">KONTAKT<\/a><\/div>\n<\/div>\n\n\n\n<p class=\"has-text-align-center\"><\/p>\n<\/div>\n<\/div>\n<\/div>\n\n\n\n<p><\/p>","protected":false},"excerpt":{"rendered":"<p>Who are we? PsoriasisTrust is a trusted organization specializing in the testing and certification of cosmetic products that are safe for use by individuals with psoriasis. Our team comprises qualified dermatologists and skin care experts dedicated to ensuring that the products we certify meet the highest safety standards and are suitable for sensitive skin affected [&hellip;]<\/p>","protected":false},"author":1,"featured_media":0,"parent":0,"menu_order":0,"comment_status":"closed","ping_status":"closed","template":"","meta":{"footnotes":""},"class_list":["post-86","page","type-page","status-publish","hentry"],"yoast_head":"<!-- This site is optimized with the Yoast SEO plugin v24.9 - https:\/\/yoast.com\/wordpress\/plugins\/seo\/ -->\n<title>- psoriasis-trust<\/title>\n<meta name=\"robots\" content=\"index, follow, max-snippet:-1, max-image-preview:large, max-video-preview:-1\" \/>\n<link rel=\"canonical\" href=\"https:\/\/www.psoriasis-trust.com\/pl\/about-us\/\" \/>\n<meta property=\"og:locale\" content=\"pl_PL\" \/>\n<meta property=\"og:type\" content=\"article\" \/>\n<meta property=\"og:title\" content=\"- psoriasis-trust\" \/>\n<meta property=\"og:description\" content=\"Who are we? PsoriasisTrust is a trusted organization specializing in the testing and certification of cosmetic products that are safe for use by individuals with psoriasis. Our team comprises qualified dermatologists and skin care experts dedicated to ensuring that the products we certify meet the highest safety standards and are suitable for sensitive skin affected [&hellip;]\" \/>\n<meta property=\"og:url\" content=\"https:\/\/www.psoriasis-trust.com\/pl\/about-us\/\" \/>\n<meta property=\"og:site_name\" content=\"psoriasis-trust\" \/>\n<meta property=\"article:modified_time\" content=\"2025-05-02T13:42:41+00:00\" \/>\n<meta property=\"og:image\" content=\"https:\/\/www.psoriasis-trust.com\/wp-content\/uploads\/2025\/05\/Zrzut-ekranu-2025-05-2-o-14.36.51.png\" \/>\n<meta name=\"twitter:card\" content=\"summary_large_image\" \/>\n<meta name=\"twitter:label1\" content=\"Szacowany czas czytania\" \/>\n\t<meta name=\"twitter:data1\" content=\"3 minuty\" \/>\n<script type=\"application\/ld+json\" class=\"yoast-schema-graph\">{\"@context\":\"https:\/\/schema.org\",\"@graph\":[{\"@type\":\"WebPage\",\"@id\":\"https:\/\/www.psoriasis-trust.com\/about-us\/\",\"url\":\"https:\/\/www.psoriasis-trust.com\/about-us\/\",\"name\":\"- psoriasis-trust\",\"isPartOf\":{\"@id\":\"http:\/\/www.psoriasis-trust.com\/#website\"},\"primaryImageOfPage\":{\"@id\":\"https:\/\/www.psoriasis-trust.com\/about-us\/#primaryimage\"},\"image\":{\"@id\":\"https:\/\/www.psoriasis-trust.com\/about-us\/#primaryimage\"},\"thumbnailUrl\":\"https:\/\/www.psoriasis-trust.com\/wp-content\/uploads\/2025\/05\/Zrzut-ekranu-2025-05-2-o-14.36.51.png\",\"datePublished\":\"2025-04-28T12:02:39+00:00\",\"dateModified\":\"2025-05-02T13:42:41+00:00\",\"inLanguage\":\"pl-PL\",\"potentialAction\":[{\"@type\":\"ReadAction\",\"target\":[\"https:\/\/www.psoriasis-trust.com\/about-us\/\"]}]},{\"@type\":\"ImageObject\",\"inLanguage\":\"pl-PL\",\"@id\":\"https:\/\/www.psoriasis-trust.com\/about-us\/#primaryimage\",\"url\":\"https:\/\/www.psoriasis-trust.com\/wp-content\/uploads\/2025\/05\/Zrzut-ekranu-2025-05-2-o-14.36.51.png\",\"contentUrl\":\"https:\/\/www.psoriasis-trust.com\/wp-content\/uploads\/2025\/05\/Zrzut-ekranu-2025-05-2-o-14.36.51.png\"},{\"@type\":\"WebSite\",\"@id\":\"http:\/\/www.psoriasis-trust.com\/#website\",\"url\":\"http:\/\/www.psoriasis-trust.com\/\",\"name\":\"psoriasis-trust\",\"description\":\"\",\"publisher\":{\"@id\":\"http:\/\/www.psoriasis-trust.com\/#organization\"},\"potentialAction\":[{\"@type\":\"SearchAction\",\"target\":{\"@type\":\"EntryPoint\",\"urlTemplate\":\"http:\/\/www.psoriasis-trust.com\/?s={search_term_string}\"},\"query-input\":{\"@type\":\"PropertyValueSpecification\",\"valueRequired\":true,\"valueName\":\"search_term_string\"}}],\"inLanguage\":\"pl-PL\"},{\"@type\":\"Organization\",\"@id\":\"http:\/\/www.psoriasis-trust.com\/#organization\",\"name\":\"psoriasis-trust\",\"url\":\"http:\/\/www.psoriasis-trust.com\/\",\"logo\":{\"@type\":\"ImageObject\",\"inLanguage\":\"pl-PL\",\"@id\":\"http:\/\/www.psoriasis-trust.com\/#\/schema\/logo\/image\/\",\"url\":\"https:\/\/www.psoriasis-trust.com\/wp-content\/uploads\/2025\/04\/cropped-Kopia-\u2013-Lay-out-strona-www-e1721824590435.png\",\"contentUrl\":\"https:\/\/www.psoriasis-trust.com\/wp-content\/uploads\/2025\/04\/cropped-Kopia-\u2013-Lay-out-strona-www-e1721824590435.png\",\"width\":512,\"height\":512,\"caption\":\"psoriasis-trust\"},\"image\":{\"@id\":\"http:\/\/www.psoriasis-trust.com\/#\/schema\/logo\/image\/\"}}]}<\/script>\n<!-- \/ Yoast SEO plugin. -->","yoast_head_json":{"title":"- psoriasis-trust","robots":{"index":"index","follow":"follow","max-snippet":"max-snippet:-1","max-image-preview":"max-image-preview:large","max-video-preview":"max-video-preview:-1"},"canonical":"https:\/\/www.psoriasis-trust.com\/pl\/about-us\/","og_locale":"pl_PL","og_type":"article","og_title":"- psoriasis-trust","og_description":"Who are we? PsoriasisTrust is a trusted organization specializing in the testing and certification of cosmetic products that are safe for use by individuals with psoriasis. Our team comprises qualified dermatologists and skin care experts dedicated to ensuring that the products we certify meet the highest safety standards and are suitable for sensitive skin affected [&hellip;]","og_url":"https:\/\/www.psoriasis-trust.com\/pl\/about-us\/","og_site_name":"psoriasis-trust","article_modified_time":"2025-05-02T13:42:41+00:00","og_image":[{"url":"https:\/\/www.psoriasis-trust.com\/wp-content\/uploads\/2025\/05\/Zrzut-ekranu-2025-05-2-o-14.36.51.png","type":"","width":"","height":""}],"twitter_card":"summary_large_image","twitter_misc":{"Szacowany czas czytania":"3 minuty"},"schema":{"@context":"https:\/\/schema.org","@graph":[{"@type":"WebPage","@id":"https:\/\/www.psoriasis-trust.com\/about-us\/","url":"https:\/\/www.psoriasis-trust.com\/about-us\/","name":"- psoriasis-trust","isPartOf":{"@id":"http:\/\/www.psoriasis-trust.com\/#website"},"primaryImageOfPage":{"@id":"https:\/\/www.psoriasis-trust.com\/about-us\/#primaryimage"},"image":{"@id":"https:\/\/www.psoriasis-trust.com\/about-us\/#primaryimage"},"thumbnailUrl":"https:\/\/www.psoriasis-trust.com\/wp-content\/uploads\/2025\/05\/Zrzut-ekranu-2025-05-2-o-14.36.51.png","datePublished":"2025-04-28T12:02:39+00:00","dateModified":"2025-05-02T13:42:41+00:00","inLanguage":"pl-PL","potentialAction":[{"@type":"ReadAction","target":["https:\/\/www.psoriasis-trust.com\/about-us\/"]}]},{"@type":"ImageObject","inLanguage":"pl-PL","@id":"https:\/\/www.psoriasis-trust.com\/about-us\/#primaryimage","url":"https:\/\/www.psoriasis-trust.com\/wp-content\/uploads\/2025\/05\/Zrzut-ekranu-2025-05-2-o-14.36.51.png","contentUrl":"https:\/\/www.psoriasis-trust.com\/wp-content\/uploads\/2025\/05\/Zrzut-ekranu-2025-05-2-o-14.36.51.png"},{"@type":"WebSite","@id":"http:\/\/www.psoriasis-trust.com\/#website","url":"http:\/\/www.psoriasis-trust.com\/","name":"psoriasis-trust","description":"","publisher":{"@id":"http:\/\/www.psoriasis-trust.com\/#organization"},"potentialAction":[{"@type":"SearchAction","target":{"@type":"EntryPoint","urlTemplate":"http:\/\/www.psoriasis-trust.com\/?s={search_term_string}"},"query-input":{"@type":"PropertyValueSpecification","valueRequired":true,"valueName":"search_term_string"}}],"inLanguage":"pl-PL"},{"@type":"Organization","@id":"http:\/\/www.psoriasis-trust.com\/#organization","name":"psoriasis-trust","url":"http:\/\/www.psoriasis-trust.com\/","logo":{"@type":"ImageObject","inLanguage":"pl-PL","@id":"http:\/\/www.psoriasis-trust.com\/#\/schema\/logo\/image\/","url":"https:\/\/www.psoriasis-trust.com\/wp-content\/uploads\/2025\/04\/cropped-Kopia-\u2013-Lay-out-strona-www-e1721824590435.png","contentUrl":"https:\/\/www.psoriasis-trust.com\/wp-content\/uploads\/2025\/04\/cropped-Kopia-\u2013-Lay-out-strona-www-e1721824590435.png","width":512,"height":512,"caption":"psoriasis-trust"},"image":{"@id":"http:\/\/www.psoriasis-trust.com\/#\/schema\/logo\/image\/"}}]}},"_links":{"self":[{"href":"https:\/\/www.psoriasis-trust.com\/pl\/wp-json\/wp\/v2\/pages\/86","targetHints":{"allow":["GET"]}}],"collection":[{"href":"https:\/\/www.psoriasis-trust.com\/pl\/wp-json\/wp\/v2\/pages"}],"about":[{"href":"https:\/\/www.psoriasis-trust.com\/pl\/wp-json\/wp\/v2\/types\/page"}],"author":[{"embeddable":true,"href":"https:\/\/www.psoriasis-trust.com\/pl\/wp-json\/wp\/v2\/users\/1"}],"replies":[{"embeddable":true,"href":"https:\/\/www.psoriasis-trust.com\/pl\/wp-json\/wp\/v2\/comments?post=86"}],"version-history":[{"count":11,"href":"https:\/\/www.psoriasis-trust.com\/pl\/wp-json\/wp\/v2\/pages\/86\/revisions"}],"predecessor-version":[{"id":192,"href":"https:\/\/www.psoriasis-trust.com\/pl\/wp-json\/wp\/v2\/pages\/86\/revisions\/192"}],"wp:attachment":[{"href":"https:\/\/www.psoriasis-trust.com\/pl\/wp-json\/wp\/v2\/media?parent=86"}],"curies":[{"name":"wp","href":"https:\/\/api.w.org\/{rel}","templated":true}]}}