{"id":118,"date":"2025-04-28T15:28:39","date_gmt":"2025-04-28T13:28:39","guid":{"rendered":"https:\/\/www.psoriasis-trust.com\/?page_id=118"},"modified":"2025-05-02T16:28:23","modified_gmt":"2025-05-02T14:28:23","slug":"contact","status":"publish","type":"page","link":"https:\/\/www.psoriasis-trust.com\/pl\/contact\/","title":{"rendered":""},"content":{"rendered":"<p class=\"has-text-align-center has-source-serif-pro-font-family has-large-font-size\"><strong>Skontaktuj si\u0119 z nami<\/strong><\/p>\n\n\n\n<p class=\"has-text-align-center has-source-serif-pro-font-family\">Aby dowiedzie\u0107 si\u0119 wi\u0119cej o naszym procesie certyfikacji lub je\u015bli masz jakiekolwiek pytania, skontaktuj si\u0119 z nami lub napisz na adres e-mail: office@psoriasis-trust.com.<\/p>\n\n\n\n<div class=\"wp-block-contact-form-7-contact-form-selector\">\n<div class=\"wpcf7 no-js\" id=\"wpcf7-f123-o1\" lang=\"en-US\" dir=\"ltr\" data-wpcf7-id=\"123\">\n<div class=\"screen-reader-response\"><p role=\"status\" aria-live=\"polite\" aria-atomic=\"true\"><\/p> <ul><\/ul><\/div>\n<form action=\"\/pl\/wp-json\/wp\/v2\/pages\/118#wpcf7-f123-o1\" method=\"post\" class=\"wpcf7-form init\" aria-label=\"Contact form\" novalidate=\"novalidate\" data-status=\"init\" data-trp-original-action=\"\/pl\/wp-json\/wp\/v2\/pages\/118#wpcf7-f123-o1\">\n<div style=\"display: none;\">\n<input type=\"hidden\" name=\"_wpcf7\" value=\"123\" \/>\n<input type=\"hidden\" name=\"_wpcf7_version\" value=\"6.0.6\" \/>\n<input type=\"hidden\" name=\"_wpcf7_locale\" value=\"en_US\" \/>\n<input type=\"hidden\" name=\"_wpcf7_unit_tag\" value=\"wpcf7-f123-o1\" \/>\n<input type=\"hidden\" name=\"_wpcf7_container_post\" value=\"0\" \/>\n<input type=\"hidden\" name=\"_wpcf7_posted_data_hash\" value=\"\" \/>\n<\/div>\n<div style=\"text-align: center;\">\n\t<div style=\"display: inline-block; text-align: left;\">\n\t\t<p><label style=\"font-weight: normal;\">Twoje imi\u0119 i nazwisko<\/label><br \/>\n<span class=\"wpcf7-form-control-wrap\" data-name=\"your-name\"><input size=\"40\" maxlength=\"400\" class=\"wpcf7-form-control wpcf7-text wpcf7-validates-as-required\" autocomplete=\"name\" aria-required=\"true\" aria-invalid=\"false\" value=\"\" type=\"text\" name=\"your-name\" \/><\/span>\n\t\t<\/p>\n\t\t<p><label style=\"font-weight: normal;\">Adres e-mail<\/label><br \/>\n<span class=\"wpcf7-form-control-wrap\" data-name=\"your-email\"><input size=\"40\" maxlength=\"400\" class=\"wpcf7-form-control wpcf7-email wpcf7-validates-as-required wpcf7-text wpcf7-validates-as-email\" autocomplete=\"email\" aria-required=\"true\" aria-invalid=\"false\" value=\"\" type=\"email\" name=\"your-email\" \/><\/span>\n\t\t<\/p>\n\t\t<p><label style=\"font-weight: normal;\">Temat<\/label><br \/>\n<span class=\"wpcf7-form-control-wrap\" data-name=\"your-subject\"><input size=\"40\" maxlength=\"400\" class=\"wpcf7-form-control wpcf7-text\" aria-invalid=\"false\" value=\"\" type=\"text\" name=\"your-subject\" \/><\/span>\n\t\t<\/p>\n\t\t<p><label style=\"font-weight: normal;\">Twoja wiadomo\u015b\u0107<\/label><br \/>\n<span class=\"wpcf7-form-control-wrap\" data-name=\"your-message\"><textarea cols=\"40\" rows=\"10\" maxlength=\"2000\" class=\"wpcf7-form-control wpcf7-textarea\" aria-invalid=\"false\" name=\"your-message\"><\/textarea><\/span>\n\t\t<\/p>\n\t\t<p><input class=\"wpcf7-form-control wpcf7-submit has-spinner\" type=\"submit\" value=\"Wy\u015blij\" \/>\n\t\t<\/p>\n\t<\/div>\n<\/div><div class=\"wpcf7-response-output\" aria-hidden=\"true\"><\/div>\n<input type=\"hidden\" name=\"trp-form-language\" value=\"pl\"\/><\/form>\n<\/div>\n<\/div>","protected":false},"excerpt":{"rendered":"<p>Contact us To learn more about our certification process or if you have any questions, please contact us or e-mail : office@psoriasis-trust.com<\/p>","protected":false},"author":1,"featured_media":0,"parent":0,"menu_order":0,"comment_status":"closed","ping_status":"closed","template":"","meta":{"footnotes":""},"class_list":["post-118","page","type-page","status-publish","hentry"],"yoast_head":"<!-- This site is optimized with the Yoast SEO plugin v24.9 - https:\/\/yoast.com\/wordpress\/plugins\/seo\/ -->\n<title>- psoriasis-trust<\/title>\n<meta name=\"robots\" content=\"index, follow, max-snippet:-1, max-image-preview:large, max-video-preview:-1\" \/>\n<link rel=\"canonical\" href=\"https:\/\/www.psoriasis-trust.com\/pl\/contact\/\" \/>\n<meta property=\"og:locale\" content=\"pl_PL\" \/>\n<meta property=\"og:type\" content=\"article\" \/>\n<meta property=\"og:title\" content=\"- psoriasis-trust\" \/>\n<meta property=\"og:description\" content=\"Contact us To learn more about our certification process or if you have any questions, please contact us or e-mail : office@psoriasis-trust.com\" \/>\n<meta property=\"og:url\" content=\"https:\/\/www.psoriasis-trust.com\/pl\/contact\/\" \/>\n<meta property=\"og:site_name\" content=\"psoriasis-trust\" \/>\n<meta property=\"article:modified_time\" content=\"2025-05-02T14:28:23+00:00\" \/>\n<meta name=\"twitter:card\" content=\"summary_large_image\" \/>\n<meta name=\"twitter:label1\" content=\"Szacowany czas czytania\" \/>\n\t<meta name=\"twitter:data1\" content=\"1 minuta\" \/>\n<script type=\"application\/ld+json\" class=\"yoast-schema-graph\">{\"@context\":\"https:\/\/schema.org\",\"@graph\":[{\"@type\":\"WebPage\",\"@id\":\"https:\/\/www.psoriasis-trust.com\/contact\/\",\"url\":\"https:\/\/www.psoriasis-trust.com\/contact\/\",\"name\":\"- psoriasis-trust\",\"isPartOf\":{\"@id\":\"http:\/\/www.psoriasis-trust.com\/#website\"},\"datePublished\":\"2025-04-28T13:28:39+00:00\",\"dateModified\":\"2025-05-02T14:28:23+00:00\",\"inLanguage\":\"pl-PL\",\"potentialAction\":[{\"@type\":\"ReadAction\",\"target\":[\"https:\/\/www.psoriasis-trust.com\/contact\/\"]}]},{\"@type\":\"WebSite\",\"@id\":\"http:\/\/www.psoriasis-trust.com\/#website\",\"url\":\"http:\/\/www.psoriasis-trust.com\/\",\"name\":\"psoriasis-trust\",\"description\":\"\",\"publisher\":{\"@id\":\"http:\/\/www.psoriasis-trust.com\/#organization\"},\"potentialAction\":[{\"@type\":\"SearchAction\",\"target\":{\"@type\":\"EntryPoint\",\"urlTemplate\":\"http:\/\/www.psoriasis-trust.com\/?s={search_term_string}\"},\"query-input\":{\"@type\":\"PropertyValueSpecification\",\"valueRequired\":true,\"valueName\":\"search_term_string\"}}],\"inLanguage\":\"pl-PL\"},{\"@type\":\"Organization\",\"@id\":\"http:\/\/www.psoriasis-trust.com\/#organization\",\"name\":\"psoriasis-trust\",\"url\":\"http:\/\/www.psoriasis-trust.com\/\",\"logo\":{\"@type\":\"ImageObject\",\"inLanguage\":\"pl-PL\",\"@id\":\"http:\/\/www.psoriasis-trust.com\/#\/schema\/logo\/image\/\",\"url\":\"https:\/\/www.psoriasis-trust.com\/wp-content\/uploads\/2025\/04\/cropped-Kopia-\u2013-Lay-out-strona-www-e1721824590435.png\",\"contentUrl\":\"https:\/\/www.psoriasis-trust.com\/wp-content\/uploads\/2025\/04\/cropped-Kopia-\u2013-Lay-out-strona-www-e1721824590435.png\",\"width\":512,\"height\":512,\"caption\":\"psoriasis-trust\"},\"image\":{\"@id\":\"http:\/\/www.psoriasis-trust.com\/#\/schema\/logo\/image\/\"}}]}<\/script>\n<!-- \/ Yoast SEO plugin. -->","yoast_head_json":{"title":"- psoriasis-trust","robots":{"index":"index","follow":"follow","max-snippet":"max-snippet:-1","max-image-preview":"max-image-preview:large","max-video-preview":"max-video-preview:-1"},"canonical":"https:\/\/www.psoriasis-trust.com\/pl\/contact\/","og_locale":"pl_PL","og_type":"article","og_title":"- psoriasis-trust","og_description":"Contact us To learn more about our certification process or if you have any questions, please contact us or e-mail : office@psoriasis-trust.com","og_url":"https:\/\/www.psoriasis-trust.com\/pl\/contact\/","og_site_name":"psoriasis-trust","article_modified_time":"2025-05-02T14:28:23+00:00","twitter_card":"summary_large_image","twitter_misc":{"Szacowany czas czytania":"1 minuta"},"schema":{"@context":"https:\/\/schema.org","@graph":[{"@type":"WebPage","@id":"https:\/\/www.psoriasis-trust.com\/contact\/","url":"https:\/\/www.psoriasis-trust.com\/contact\/","name":"- psoriasis-trust","isPartOf":{"@id":"http:\/\/www.psoriasis-trust.com\/#website"},"datePublished":"2025-04-28T13:28:39+00:00","dateModified":"2025-05-02T14:28:23+00:00","inLanguage":"pl-PL","potentialAction":[{"@type":"ReadAction","target":["https:\/\/www.psoriasis-trust.com\/contact\/"]}]},{"@type":"WebSite","@id":"http:\/\/www.psoriasis-trust.com\/#website","url":"http:\/\/www.psoriasis-trust.com\/","name":"psoriasis-trust","description":"","publisher":{"@id":"http:\/\/www.psoriasis-trust.com\/#organization"},"potentialAction":[{"@type":"SearchAction","target":{"@type":"EntryPoint","urlTemplate":"http:\/\/www.psoriasis-trust.com\/?s={search_term_string}"},"query-input":{"@type":"PropertyValueSpecification","valueRequired":true,"valueName":"search_term_string"}}],"inLanguage":"pl-PL"},{"@type":"Organization","@id":"http:\/\/www.psoriasis-trust.com\/#organization","name":"psoriasis-trust","url":"http:\/\/www.psoriasis-trust.com\/","logo":{"@type":"ImageObject","inLanguage":"pl-PL","@id":"http:\/\/www.psoriasis-trust.com\/#\/schema\/logo\/image\/","url":"https:\/\/www.psoriasis-trust.com\/wp-content\/uploads\/2025\/04\/cropped-Kopia-\u2013-Lay-out-strona-www-e1721824590435.png","contentUrl":"https:\/\/www.psoriasis-trust.com\/wp-content\/uploads\/2025\/04\/cropped-Kopia-\u2013-Lay-out-strona-www-e1721824590435.png","width":512,"height":512,"caption":"psoriasis-trust"},"image":{"@id":"http:\/\/www.psoriasis-trust.com\/#\/schema\/logo\/image\/"}}]}},"_links":{"self":[{"href":"https:\/\/www.psoriasis-trust.com\/pl\/wp-json\/wp\/v2\/pages\/118","targetHints":{"allow":["GET"]}}],"collection":[{"href":"https:\/\/www.psoriasis-trust.com\/pl\/wp-json\/wp\/v2\/pages"}],"about":[{"href":"https:\/\/www.psoriasis-trust.com\/pl\/wp-json\/wp\/v2\/types\/page"}],"author":[{"embeddable":true,"href":"https:\/\/www.psoriasis-trust.com\/pl\/wp-json\/wp\/v2\/users\/1"}],"replies":[{"embeddable":true,"href":"https:\/\/www.psoriasis-trust.com\/pl\/wp-json\/wp\/v2\/comments?post=118"}],"version-history":[{"count":3,"href":"https:\/\/www.psoriasis-trust.com\/pl\/wp-json\/wp\/v2\/pages\/118\/revisions"}],"predecessor-version":[{"id":196,"href":"https:\/\/www.psoriasis-trust.com\/pl\/wp-json\/wp\/v2\/pages\/118\/revisions\/196"}],"wp:attachment":[{"href":"https:\/\/www.psoriasis-trust.com\/pl\/wp-json\/wp\/v2\/media?parent=118"}],"curies":[{"name":"wp","href":"https:\/\/api.w.org\/{rel}","templated":true}]}}