{"id":111,"date":"2025-04-28T14:43:52","date_gmt":"2025-04-28T12:43:52","guid":{"rendered":"https:\/\/www.psoriasis-trust.com\/?page_id=111"},"modified":"2025-05-02T15:58:35","modified_gmt":"2025-05-02T13:58:35","slug":"how-to-obtain-certification","status":"publish","type":"page","link":"https:\/\/www.psoriasis-trust.com\/pl\/how-to-obtain-certification\/","title":{"rendered":""},"content":{"rendered":"<div class=\"wp-block-group alignfull has-background is-layout-constrained wp-container-core-group-is-layout-669513ed wp-block-group-is-layout-constrained\" style=\"background-color:#efebe3;margin-top:0;margin-bottom:0;padding-top:var(--wp--preset--spacing--50);padding-right:var(--wp--preset--spacing--50);padding-bottom:var(--wp--preset--spacing--50);padding-left:var(--wp--preset--spacing--50)\">\n<div class=\"wp-block-columns alignwide is-layout-flex wp-container-core-columns-is-layout-1da03c2a wp-block-columns-is-layout-flex\">\n<div class=\"wp-block-column is-vertically-aligned-stretch is-layout-flow wp-block-column-is-layout-flow\" style=\"flex-basis:50%\">\n<div class=\"wp-block-group is-vertical is-content-justification-stretch is-layout-flex wp-container-core-group-is-layout-444d5ee8 wp-block-group-is-layout-flex\" style=\"min-height:100%\">\n<div style=\"height:66px\" aria-hidden=\"true\" class=\"wp-block-spacer wp-container-content-7740b306\"><\/div>\n\n\n\n<p class=\"has-text-align-center has-source-serif-pro-font-family has-x-large-font-size\" style=\"line-height:1.2\"><em><strong>Spraw by Twoje KOSMETYKI<\/strong><\/em><\/p>\n\n\n\n<p class=\"has-text-align-center has-source-serif-pro-font-family has-x-large-font-size\" style=\"line-height:1.2\"><em><strong>sta\u0142y si\u0119  PIERWSZYM WYBOREM<\/strong><\/em><\/p>\n\n\n\n<p class=\"has-text-align-center has-source-serif-pro-font-family has-x-large-font-size\" style=\"line-height:1.2\"><em><strong>dla os\u00f3b z \u0142uszczyc\u0105.<\/strong><\/em><\/p>\n\n\n\n<div style=\"height:136px\" aria-hidden=\"true\" class=\"wp-block-spacer wp-container-content-81ebcba6\"><\/div>\n<\/div>\n<\/div>\n\n\n\n<div class=\"wp-block-column is-vertically-aligned-center is-layout-flow wp-block-column-is-layout-flow\" style=\"flex-basis:50%\">\n<figure class=\"wp-block-image aligncenter size-full is-resized is-style-default\"><img fetchpriority=\"high\" decoding=\"async\" width=\"614\" height=\"702\" src=\"http:\/\/www.psoriasis-trust.com\/wp-content\/uploads\/2025\/05\/Zrzut-ekranu-2025-05-2-o-15.08.28.png\" alt=\"\" class=\"wp-image-172\" style=\"width:372px;height:auto\" srcset=\"https:\/\/www.psoriasis-trust.com\/wp-content\/uploads\/2025\/05\/Zrzut-ekranu-2025-05-2-o-15.08.28.png 614w, https:\/\/www.psoriasis-trust.com\/wp-content\/uploads\/2025\/05\/Zrzut-ekranu-2025-05-2-o-15.08.28-262x300.png 262w, https:\/\/www.psoriasis-trust.com\/wp-content\/uploads\/2025\/05\/Zrzut-ekranu-2025-05-2-o-15.08.28-10x12.png 10w\" sizes=\"(max-width: 614px) 100vw, 614px\" \/><\/figure>\n<\/div>\n<\/div>\n<\/div>\n\n\n\n<div style=\"height:46px\" aria-hidden=\"true\" class=\"wp-block-spacer\"><\/div>\n\n\n\n<div class=\"wp-block-group alignfull has-background is-layout-constrained wp-container-core-group-is-layout-d89aad35 wp-block-group-is-layout-constrained\" style=\"background-color:#ffffff;margin-top:0;margin-bottom:0;padding-top:var(--wp--preset--spacing--50);padding-right:var(--wp--preset--spacing--50);padding-bottom:var(--wp--preset--spacing--50);padding-left:var(--wp--preset--spacing--50)\">\n<div class=\"wp-block-columns alignwide are-vertically-aligned-center is-layout-flex wp-container-core-columns-is-layout-47c06fe3 wp-block-columns-is-layout-flex\">\n<div class=\"wp-block-column is-vertically-aligned-center is-layout-flow wp-block-column-is-layout-flow\" style=\"flex-basis:50%\">\n<h2 class=\"wp-block-heading has-text-align-center\" style=\"font-size:28px\"><em><strong>W jaki spos\u00f3b ZNAK PSORIASIS TRUST mo\u017ce pom\u00f3c Twojej marce?<\/strong><\/em><\/h2>\n\n\n\n<p class=\"has-text-align-center has-jost-font-family\" style=\"font-size:18px\">Osoby z \u0142uszczyc\u0105 codziennie zmagaj\u0105 si\u0119 z wyzwaniami zwi\u0105zanymi z piel\u0119gnacj\u0105 sk\u00f3ry i potrzebuj\u0105 produkt\u00f3w, kt\u00f3re przynios\u0105 im ulg\u0119 i poprawi\u0105 stan ich sk\u00f3ry. Certyfikat Psoriasis Trust zapewnia, \u017ce produkt jest odpowiedni nawet dla najbardziej wra\u017cliwej sk\u00f3ry, co czyni go bezpiecznym wyborem dla ka\u017cdego.<\/p>\n\n\n\n<p class=\"has-text-align-center has-jost-font-family\" style=\"font-size:18px\">Spe\u0142niaj\u0105c surowe normy europejskie, certyfikat ten gwarantuje, \u017ce produkt jest delikatny i ca\u0142kowicie bezpieczny, daj\u0105c konsumentom pewno\u015b\u0107 co do jego jako\u015bci.<\/p>\n<\/div>\n\n\n\n<div class=\"wp-block-column is-vertically-aligned-center is-layout-flow wp-block-column-is-layout-flow\" style=\"flex-basis:50%\">\n<figure class=\"wp-block-image size-full is-style-default\"><img decoding=\"async\" width=\"768\" height=\"726\" src=\"https:\/\/www.psoriasis-trust.com\/wp-content\/uploads\/2025\/05\/Zrzut-ekranu-2025-05-2-o-15.09.09.png\" alt=\"\" class=\"wp-image-173\" style=\"aspect-ratio:4\/3;object-fit:cover\" srcset=\"https:\/\/www.psoriasis-trust.com\/wp-content\/uploads\/2025\/05\/Zrzut-ekranu-2025-05-2-o-15.09.09.png 768w, https:\/\/www.psoriasis-trust.com\/wp-content\/uploads\/2025\/05\/Zrzut-ekranu-2025-05-2-o-15.09.09-300x284.png 300w, https:\/\/www.psoriasis-trust.com\/wp-content\/uploads\/2025\/05\/Zrzut-ekranu-2025-05-2-o-15.09.09-13x12.png 13w\" sizes=\"(max-width: 768px) 100vw, 768px\" \/><\/figure>\n<\/div>\n<\/div>\n\n\n\n<div style=\"height:109px\" aria-hidden=\"true\" class=\"wp-block-spacer\"><\/div>\n\n\n\n<h2 class=\"wp-block-heading has-text-align-center\"><strong>Jak to dzia\u0142a?<\/strong><\/h2>\n\n\n\n<div class=\"wp-block-columns alignwide is-layout-flex wp-container-core-columns-is-layout-d2da2050 wp-block-columns-is-layout-flex\" style=\"margin-bottom:0\">\n<div class=\"wp-block-column has-text-color has-background has-link-color wp-elements-a9947e52181672ccbe06bdd21e27aeee is-layout-flow wp-block-column-is-layout-flow\" style=\"color:#000000;background-color:#efebe3;padding-top:2em;padding-right:2em;padding-bottom:2em;padding-left:2em\">\n<h2 class=\"wp-block-heading has-text-align-center\" id=\"single\" style=\"font-size:40px\"><strong>1<\/strong><\/h2>\n\n\n\n<p class=\"has-text-align-center has-jost-font-family\" style=\"font-size:18px;line-height:1.5\">Zg\u0142o\u015b sw\u00f3j produkt przez formularz dost\u0119pny poni\u017cej.<\/p>\n\n\n\n<div class=\"wp-block-buttons is-content-justification-center is-layout-flex wp-container-core-buttons-is-layout-a89b3969 wp-block-buttons-is-layout-flex\">\n<div class=\"wp-block-button\"><a class=\"wp-block-button__link has-custom-font-size wp-element-button\" href=\"https:\/\/www.psoriasis-trust.com\/pl\/form\/\" style=\"font-size:14px\" target=\"_blank\" rel=\"noreferrer noopener\">FORMULARZ<\/a><\/div>\n<\/div>\n<\/div>\n\n\n\n<div class=\"wp-block-column has-text-color has-background has-link-color wp-elements-832c8642c49ecc5e739726622683b293 is-layout-flow wp-block-column-is-layout-flow\" style=\"color:#000000;background-color:#efebe3;padding-top:2em;padding-right:2em;padding-bottom:2em;padding-left:2em\">\n<h2 class=\"wp-block-heading has-text-align-center\" id=\"family\" style=\"font-size:40px\"><strong>2<\/strong><\/h2>\n\n\n\n<p class=\"has-text-align-center has-jost-font-family\" style=\"font-size:18px;line-height:1.5\">Prze\u015blij nam dokumentacj\u0119 produktu i istniej\u0105ce wyniki test\u00f3w do wst\u0119pnej <strong>bezp\u0142atnej <\/strong>oceny.<\/p>\n<\/div>\n\n\n\n<div class=\"wp-block-column has-text-color has-background has-link-color wp-elements-6d101f9e9e985de24166d94daabdb67d is-layout-flow wp-block-column-is-layout-flow\" style=\"color:#000000;background-color:#efebe3;padding-top:2em;padding-right:2em;padding-bottom:2em;padding-left:2em\">\n<h2 class=\"wp-block-heading has-text-align-center\" id=\"patron\" style=\"font-size:40px\"><strong>3<\/strong><\/h2>\n\n\n\n<p class=\"has-text-align-center has-jost-font-family\" style=\"font-size:18px\">Je\u015bli Tw\u00f3j produkt zosta\u0142 zakwalifikowany do nadania znaku rozpoczynamy formalny proces nadania znaku.<\/p>\n\n\n\n<p class=\"has-text-align-center has-jost-font-family\" style=\"font-size:12px\">Je\u015bli produkt nie zosta\u0142 zakwalifikowany do nadania znaku wy\u015blemy Ci informacj\u0119, jak dopasowa\u0107 Tw\u00f3j produkt, \u017ceby spe\u0142nia\u0142 kryteria kwalifikacyjne.<\/p>\n<\/div>\n<\/div>\n\n\n\n<div class=\"wp-block-columns alignwide is-layout-flex wp-container-core-columns-is-layout-d2da2050 wp-block-columns-is-layout-flex\" style=\"margin-bottom:0\">\n<div class=\"wp-block-column has-text-color has-background has-link-color wp-elements-39aa89934f4f4d6116b0c9735d23a51a is-layout-flow wp-block-column-is-layout-flow\" style=\"color:#000000;background-color:#efebe3;padding-top:2em;padding-right:2em;padding-bottom:2em;padding-left:2em\">\n<h2 class=\"wp-block-heading has-text-align-center\" id=\"single\" style=\"font-size:40px\"><strong>4<\/strong><\/h2>\n\n\n\n<p class=\"has-text-align-center has-jost-font-family\" style=\"font-size:18px;line-height:1.5\">Podpisujemy umow\u0119 o poufno\u015bci i przesy\u0142amy list\u0119 brakuj\u0105cych bada\u0144, kt\u00f3re trzeba wykona\u0107 w celu uzyskania znaku, wraz z wycen\u0105 do akceptacji.<\/p>\n<\/div>\n\n\n\n<div class=\"wp-block-column has-text-color has-background has-link-color wp-elements-c034f059c8b5d86b3a102d7fd047a4a2 is-layout-flow wp-block-column-is-layout-flow\" style=\"color:#000000;background-color:#efebe3;padding-top:2em;padding-right:2em;padding-bottom:2em;padding-left:2em\">\n<h2 class=\"wp-block-heading has-text-align-center\" id=\"family\" style=\"font-size:40px\"><strong>5<\/strong><\/h2>\n\n\n\n<p class=\"has-text-align-center has-jost-font-family\" style=\"font-size:18px;line-height:1.5\">Oceniamy dokumentacj\u0119 produktow\u0105 i pozyskujemy opini\u0119 ekspert\u00f3w i u\u017cytkownik\u00f3w.<\/p>\n<\/div>\n\n\n\n<div class=\"wp-block-column has-text-color has-background has-link-color wp-elements-4a38d96af9c6b9d9065698f4a2d102d7 is-layout-flow wp-block-column-is-layout-flow\" style=\"color:#000000;background-color:#efebe3;padding-top:2em;padding-right:2em;padding-bottom:2em;padding-left:2em\">\n<h2 class=\"wp-block-heading has-text-align-center\" id=\"patron\" style=\"font-size:40px\"><strong>6<\/strong><\/h2>\n\n\n\n<p class=\"has-text-align-center has-jost-font-family\" style=\"font-size:18px\">Podpisujemy umow\u0119 dotycz\u0105c\u0105 nadania znaku z abonamentem na okres 1 roku.<\/p>\n<\/div>\n<\/div>\n\n\n\n<p><\/p>\n\n\n\n<div class=\"wp-block-buttons is-content-justification-center is-layout-flex wp-container-core-buttons-is-layout-a89b3969 wp-block-buttons-is-layout-flex\">\n<div class=\"wp-block-button\"><a class=\"wp-block-button__link has-custom-font-size wp-element-button\" href=\"https:\/\/www.psoriasis-trust.com\/pl\/form\/\" style=\"font-size:14px\" target=\"_blank\" rel=\"noreferrer noopener\">PRZE\u015aLIJ SW\u00d3J PRODUKT<\/a><\/div>\n\n\n\n<div class=\"wp-block-button\"><a class=\"wp-block-button__link has-text-align-center has-custom-font-size wp-element-button\" href=\"https:\/\/www.psoriasis-trust.com\/pl\/standards\/\" style=\"font-size:14px\" target=\"_blank\" rel=\"noreferrer noopener\">ZAPOZNAJ SI\u0118 ZE STANDARDAMI<\/a><\/div>\n<\/div>\n<\/div>","protected":false},"excerpt":{"rendered":"<p>Make your COSMETICS the FIRST CHOICE for people with psoriasis. How can the PSORIASIS TRUST MARK help your brand? People with psoriasis face daily challenges related to skin care and need products that will bring them relief and improve their skin condition. The Psoriasis Trust certificate ensures that the product is suitable even for the [&hellip;]<\/p>","protected":false},"author":1,"featured_media":0,"parent":0,"menu_order":0,"comment_status":"closed","ping_status":"closed","template":"","meta":{"footnotes":""},"class_list":["post-111","page","type-page","status-publish","hentry"],"yoast_head":"<!-- This site is optimized with the Yoast SEO plugin v24.9 - https:\/\/yoast.com\/wordpress\/plugins\/seo\/ -->\n<title>- psoriasis-trust<\/title>\n<meta name=\"robots\" content=\"index, follow, max-snippet:-1, max-image-preview:large, max-video-preview:-1\" \/>\n<link rel=\"canonical\" href=\"https:\/\/www.psoriasis-trust.com\/pl\/how-to-obtain-certification\/\" \/>\n<meta property=\"og:locale\" content=\"pl_PL\" \/>\n<meta property=\"og:type\" content=\"article\" \/>\n<meta property=\"og:title\" content=\"- psoriasis-trust\" \/>\n<meta property=\"og:description\" content=\"Make your COSMETICS the FIRST CHOICE for people with psoriasis. How can the PSORIASIS TRUST MARK help your brand? People with psoriasis face daily challenges related to skin care and need products that will bring them relief and improve their skin condition. The Psoriasis Trust certificate ensures that the product is suitable even for the [&hellip;]\" \/>\n<meta property=\"og:url\" content=\"https:\/\/www.psoriasis-trust.com\/pl\/how-to-obtain-certification\/\" \/>\n<meta property=\"og:site_name\" content=\"psoriasis-trust\" \/>\n<meta property=\"article:modified_time\" content=\"2025-05-02T13:58:35+00:00\" \/>\n<meta property=\"og:image\" content=\"http:\/\/www.psoriasis-trust.com\/wp-content\/uploads\/2025\/05\/Zrzut-ekranu-2025-05-2-o-15.08.28.png\" \/>\n<meta name=\"twitter:card\" content=\"summary_large_image\" \/>\n<meta name=\"twitter:label1\" content=\"Szacowany czas czytania\" \/>\n\t<meta name=\"twitter:data1\" content=\"2 minuty\" \/>\n<script type=\"application\/ld+json\" class=\"yoast-schema-graph\">{\"@context\":\"https:\/\/schema.org\",\"@graph\":[{\"@type\":\"WebPage\",\"@id\":\"https:\/\/www.psoriasis-trust.com\/how-to-obtain-certification\/\",\"url\":\"https:\/\/www.psoriasis-trust.com\/how-to-obtain-certification\/\",\"name\":\"- psoriasis-trust\",\"isPartOf\":{\"@id\":\"http:\/\/www.psoriasis-trust.com\/#website\"},\"primaryImageOfPage\":{\"@id\":\"https:\/\/www.psoriasis-trust.com\/how-to-obtain-certification\/#primaryimage\"},\"image\":{\"@id\":\"https:\/\/www.psoriasis-trust.com\/how-to-obtain-certification\/#primaryimage\"},\"thumbnailUrl\":\"http:\/\/www.psoriasis-trust.com\/wp-content\/uploads\/2025\/05\/Zrzut-ekranu-2025-05-2-o-15.08.28.png\",\"datePublished\":\"2025-04-28T12:43:52+00:00\",\"dateModified\":\"2025-05-02T13:58:35+00:00\",\"inLanguage\":\"pl-PL\",\"potentialAction\":[{\"@type\":\"ReadAction\",\"target\":[\"https:\/\/www.psoriasis-trust.com\/how-to-obtain-certification\/\"]}]},{\"@type\":\"ImageObject\",\"inLanguage\":\"pl-PL\",\"@id\":\"https:\/\/www.psoriasis-trust.com\/how-to-obtain-certification\/#primaryimage\",\"url\":\"http:\/\/www.psoriasis-trust.com\/wp-content\/uploads\/2025\/05\/Zrzut-ekranu-2025-05-2-o-15.08.28.png\",\"contentUrl\":\"http:\/\/www.psoriasis-trust.com\/wp-content\/uploads\/2025\/05\/Zrzut-ekranu-2025-05-2-o-15.08.28.png\"},{\"@type\":\"WebSite\",\"@id\":\"http:\/\/www.psoriasis-trust.com\/#website\",\"url\":\"http:\/\/www.psoriasis-trust.com\/\",\"name\":\"psoriasis-trust\",\"description\":\"\",\"publisher\":{\"@id\":\"http:\/\/www.psoriasis-trust.com\/#organization\"},\"potentialAction\":[{\"@type\":\"SearchAction\",\"target\":{\"@type\":\"EntryPoint\",\"urlTemplate\":\"http:\/\/www.psoriasis-trust.com\/?s={search_term_string}\"},\"query-input\":{\"@type\":\"PropertyValueSpecification\",\"valueRequired\":true,\"valueName\":\"search_term_string\"}}],\"inLanguage\":\"pl-PL\"},{\"@type\":\"Organization\",\"@id\":\"http:\/\/www.psoriasis-trust.com\/#organization\",\"name\":\"psoriasis-trust\",\"url\":\"http:\/\/www.psoriasis-trust.com\/\",\"logo\":{\"@type\":\"ImageObject\",\"inLanguage\":\"pl-PL\",\"@id\":\"http:\/\/www.psoriasis-trust.com\/#\/schema\/logo\/image\/\",\"url\":\"https:\/\/www.psoriasis-trust.com\/wp-content\/uploads\/2025\/04\/cropped-Kopia-\u2013-Lay-out-strona-www-e1721824590435.png\",\"contentUrl\":\"https:\/\/www.psoriasis-trust.com\/wp-content\/uploads\/2025\/04\/cropped-Kopia-\u2013-Lay-out-strona-www-e1721824590435.png\",\"width\":512,\"height\":512,\"caption\":\"psoriasis-trust\"},\"image\":{\"@id\":\"http:\/\/www.psoriasis-trust.com\/#\/schema\/logo\/image\/\"}}]}<\/script>\n<!-- \/ Yoast SEO plugin. -->","yoast_head_json":{"title":"- psoriasis-trust","robots":{"index":"index","follow":"follow","max-snippet":"max-snippet:-1","max-image-preview":"max-image-preview:large","max-video-preview":"max-video-preview:-1"},"canonical":"https:\/\/www.psoriasis-trust.com\/pl\/how-to-obtain-certification\/","og_locale":"pl_PL","og_type":"article","og_title":"- psoriasis-trust","og_description":"Make your COSMETICS the FIRST CHOICE for people with psoriasis. How can the PSORIASIS TRUST MARK help your brand? People with psoriasis face daily challenges related to skin care and need products that will bring them relief and improve their skin condition. The Psoriasis Trust certificate ensures that the product is suitable even for the [&hellip;]","og_url":"https:\/\/www.psoriasis-trust.com\/pl\/how-to-obtain-certification\/","og_site_name":"psoriasis-trust","article_modified_time":"2025-05-02T13:58:35+00:00","og_image":[{"url":"http:\/\/www.psoriasis-trust.com\/wp-content\/uploads\/2025\/05\/Zrzut-ekranu-2025-05-2-o-15.08.28.png","type":"","width":"","height":""}],"twitter_card":"summary_large_image","twitter_misc":{"Szacowany czas czytania":"2 minuty"},"schema":{"@context":"https:\/\/schema.org","@graph":[{"@type":"WebPage","@id":"https:\/\/www.psoriasis-trust.com\/how-to-obtain-certification\/","url":"https:\/\/www.psoriasis-trust.com\/how-to-obtain-certification\/","name":"- psoriasis-trust","isPartOf":{"@id":"http:\/\/www.psoriasis-trust.com\/#website"},"primaryImageOfPage":{"@id":"https:\/\/www.psoriasis-trust.com\/how-to-obtain-certification\/#primaryimage"},"image":{"@id":"https:\/\/www.psoriasis-trust.com\/how-to-obtain-certification\/#primaryimage"},"thumbnailUrl":"http:\/\/www.psoriasis-trust.com\/wp-content\/uploads\/2025\/05\/Zrzut-ekranu-2025-05-2-o-15.08.28.png","datePublished":"2025-04-28T12:43:52+00:00","dateModified":"2025-05-02T13:58:35+00:00","inLanguage":"pl-PL","potentialAction":[{"@type":"ReadAction","target":["https:\/\/www.psoriasis-trust.com\/how-to-obtain-certification\/"]}]},{"@type":"ImageObject","inLanguage":"pl-PL","@id":"https:\/\/www.psoriasis-trust.com\/how-to-obtain-certification\/#primaryimage","url":"http:\/\/www.psoriasis-trust.com\/wp-content\/uploads\/2025\/05\/Zrzut-ekranu-2025-05-2-o-15.08.28.png","contentUrl":"http:\/\/www.psoriasis-trust.com\/wp-content\/uploads\/2025\/05\/Zrzut-ekranu-2025-05-2-o-15.08.28.png"},{"@type":"WebSite","@id":"http:\/\/www.psoriasis-trust.com\/#website","url":"http:\/\/www.psoriasis-trust.com\/","name":"psoriasis-trust","description":"","publisher":{"@id":"http:\/\/www.psoriasis-trust.com\/#organization"},"potentialAction":[{"@type":"SearchAction","target":{"@type":"EntryPoint","urlTemplate":"http:\/\/www.psoriasis-trust.com\/?s={search_term_string}"},"query-input":{"@type":"PropertyValueSpecification","valueRequired":true,"valueName":"search_term_string"}}],"inLanguage":"pl-PL"},{"@type":"Organization","@id":"http:\/\/www.psoriasis-trust.com\/#organization","name":"psoriasis-trust","url":"http:\/\/www.psoriasis-trust.com\/","logo":{"@type":"ImageObject","inLanguage":"pl-PL","@id":"http:\/\/www.psoriasis-trust.com\/#\/schema\/logo\/image\/","url":"https:\/\/www.psoriasis-trust.com\/wp-content\/uploads\/2025\/04\/cropped-Kopia-\u2013-Lay-out-strona-www-e1721824590435.png","contentUrl":"https:\/\/www.psoriasis-trust.com\/wp-content\/uploads\/2025\/04\/cropped-Kopia-\u2013-Lay-out-strona-www-e1721824590435.png","width":512,"height":512,"caption":"psoriasis-trust"},"image":{"@id":"http:\/\/www.psoriasis-trust.com\/#\/schema\/logo\/image\/"}}]}},"_links":{"self":[{"href":"https:\/\/www.psoriasis-trust.com\/pl\/wp-json\/wp\/v2\/pages\/111","targetHints":{"allow":["GET"]}}],"collection":[{"href":"https:\/\/www.psoriasis-trust.com\/pl\/wp-json\/wp\/v2\/pages"}],"about":[{"href":"https:\/\/www.psoriasis-trust.com\/pl\/wp-json\/wp\/v2\/types\/page"}],"author":[{"embeddable":true,"href":"https:\/\/www.psoriasis-trust.com\/pl\/wp-json\/wp\/v2\/users\/1"}],"replies":[{"embeddable":true,"href":"https:\/\/www.psoriasis-trust.com\/pl\/wp-json\/wp\/v2\/comments?post=111"}],"version-history":[{"count":7,"href":"https:\/\/www.psoriasis-trust.com\/pl\/wp-json\/wp\/v2\/pages\/111\/revisions"}],"predecessor-version":[{"id":195,"href":"https:\/\/www.psoriasis-trust.com\/pl\/wp-json\/wp\/v2\/pages\/111\/revisions\/195"}],"wp:attachment":[{"href":"https:\/\/www.psoriasis-trust.com\/pl\/wp-json\/wp\/v2\/media?parent=111"}],"curies":[{"name":"wp","href":"https:\/\/api.w.org\/{rel}","templated":true}]}}