{"id":105,"date":"2025-04-28T14:37:46","date_gmt":"2025-04-28T12:37:46","guid":{"rendered":"https:\/\/www.psoriasis-trust.com\/?page_id=105"},"modified":"2025-05-02T15:54:01","modified_gmt":"2025-05-02T13:54:01","slug":"standards","status":"publish","type":"page","link":"https:\/\/www.psoriasis-trust.com\/pl\/standards\/","title":{"rendered":""},"content":{"rendered":"<div class=\"wp-block-cover alignfull is-light\" style=\"margin-top:0;padding-top:5vw;padding-right:5vw;padding-bottom:5vw;padding-left:5vw;min-height:66vh;aspect-ratio:unset;\"><img fetchpriority=\"high\" decoding=\"async\" width=\"1024\" height=\"799\" class=\"wp-block-cover__image-background wp-image-166 size-large\" alt=\"\" src=\"http:\/\/www.psoriasis-trust.com\/wp-content\/uploads\/2025\/05\/Zrzut-ekranu-2025-05-2-o-14.48.34-1024x799.png\" data-object-fit=\"cover\" srcset=\"https:\/\/www.psoriasis-trust.com\/wp-content\/uploads\/2025\/05\/Zrzut-ekranu-2025-05-2-o-14.48.34-1024x799.png 1024w, https:\/\/www.psoriasis-trust.com\/wp-content\/uploads\/2025\/05\/Zrzut-ekranu-2025-05-2-o-14.48.34-300x234.png 300w, https:\/\/www.psoriasis-trust.com\/wp-content\/uploads\/2025\/05\/Zrzut-ekranu-2025-05-2-o-14.48.34-768x599.png 768w, https:\/\/www.psoriasis-trust.com\/wp-content\/uploads\/2025\/05\/Zrzut-ekranu-2025-05-2-o-14.48.34-15x12.png 15w, https:\/\/www.psoriasis-trust.com\/wp-content\/uploads\/2025\/05\/Zrzut-ekranu-2025-05-2-o-14.48.34.png 1536w\" sizes=\"(max-width: 1024px) 100vw, 1024px\" \/><span aria-hidden=\"true\" class=\"wp-block-cover__background has-background-dim-0 has-background-dim has-background-gradient\" style=\"background-color:#bfc1c4;background:linear-gradient(90deg,rgb(35,74,20) 50%,rgb(225,137,116) 50%)\"><\/span><div class=\"wp-block-cover__inner-container is-layout-flow wp-block-cover-is-layout-flow\">\n<div class=\"wp-block-group wp-container-content-9cfa9a5a is-layout-constrained wp-container-core-group-is-layout-a1274fd4 wp-block-group-is-layout-constrained\">\n<div style=\"height:100px\" aria-hidden=\"true\" class=\"wp-block-spacer\"><\/div>\n\n\n\n<div class=\"wp-block-cover is-light wp-duotone-000000-ffffff-1\"><img decoding=\"async\" width=\"1024\" height=\"997\" class=\"wp-block-cover__image-background wp-image-167 size-large\" alt=\"\" src=\"https:\/\/www.psoriasis-trust.com\/wp-content\/uploads\/2025\/05\/Zrzut-ekranu-2025-05-2-o-14.55.33-1024x997.png\" data-object-fit=\"cover\" srcset=\"https:\/\/www.psoriasis-trust.com\/wp-content\/uploads\/2025\/05\/Zrzut-ekranu-2025-05-2-o-14.55.33-1024x997.png 1024w, https:\/\/www.psoriasis-trust.com\/wp-content\/uploads\/2025\/05\/Zrzut-ekranu-2025-05-2-o-14.55.33-300x292.png 300w, https:\/\/www.psoriasis-trust.com\/wp-content\/uploads\/2025\/05\/Zrzut-ekranu-2025-05-2-o-14.55.33-768x747.png 768w, https:\/\/www.psoriasis-trust.com\/wp-content\/uploads\/2025\/05\/Zrzut-ekranu-2025-05-2-o-14.55.33-12x12.png 12w, https:\/\/www.psoriasis-trust.com\/wp-content\/uploads\/2025\/05\/Zrzut-ekranu-2025-05-2-o-14.55.33.png 1044w\" sizes=\"(max-width: 1024px) 100vw, 1024px\" \/><span aria-hidden=\"true\" class=\"wp-block-cover__background has-background-background-color has-background-dim\"><\/span><div class=\"wp-block-cover__inner-container is-layout-flow wp-block-cover-is-layout-flow\">\n<p class=\"has-text-align-center has-source-serif-pro-font-family has-large-font-size\"><strong><em>Wyznaczamy<\/em> <em>STANDARDY<\/em> <em>dla kosmetyk\u00f3w<\/em><\/strong><\/p>\n\n\n\n<p class=\"has-text-align-center has-source-serif-pro-font-family has-large-font-size\"><strong><em>przyjaznych osobom z<\/em> <em>\u0141USZCZYC\u0118<\/em><\/strong><\/p>\n\n\n\n<p class=\"has-text-align-center has-source-serif-pro-font-family has-large-font-size\"><\/p>\n\n\n\n<p class=\"has-text-align-center has-system-font-font-family has-small-font-size\">Psoriasis Trust okre\u015bla kryteria, kt\u00f3re firmy musz\u0105 spe\u0142ni\u0107, aby zapewni\u0107 konsument\u00f3w, \u017ce ich produkty s\u0105  kosmetykami przyjaznymi dla os\u00f3b z \u0142uszczyc\u0105 i wyprodukowanymi zgodnie z najwy\u017cszymi standardami.<\/p>\n\n\n\n<p class=\"has-text-align-center has-system-font-font-family has-small-font-size\">Znak \u201ePsoriasis Trust - European Quality\u201d to gwarancja najwy\u017cszej jako\u015bci i bezpiecze\u0144stwa dla os\u00f3b z \u0142uszczyc\u0105.<\/p>\n<\/div><\/div>\n\n\n\n<div style=\"height:48px\" aria-hidden=\"true\" class=\"wp-block-spacer\"><\/div>\n<\/div>\n<\/div><\/div>\n\n\n\n<div class=\"wp-block-group alignfull has-background is-vertical is-layout-flex wp-container-core-group-is-layout-2964369c wp-block-group-is-layout-flex\" style=\"background-color:#eeeeee;margin-top:0;margin-bottom:0;padding-top:var(--wp--preset--spacing--50);padding-right:var(--wp--preset--spacing--50);padding-bottom:var(--wp--preset--spacing--50);padding-left:var(--wp--preset--spacing--50)\">\n<div class=\"wp-block-columns alignwide is-layout-flex wp-container-core-columns-is-layout-1da03c2a wp-block-columns-is-layout-flex\">\n<div class=\"wp-block-column is-vertically-aligned-center is-layout-flow wp-block-column-is-layout-flow\" style=\"flex-basis:60%\">\n<figure class=\"wp-block-image aligncenter size-full is-resized is-style-default wp-duotone-unset-2\"><img decoding=\"async\" width=\"830\" height=\"780\" src=\"http:\/\/www.psoriasis-trust.com\/wp-content\/uploads\/2025\/05\/Zrzut-ekranu-2025-05-2-o-15.01.48.png\" alt=\"\" class=\"wp-image-169\" style=\"aspect-ratio:1.3333333333333333;object-fit:cover;width:793px;height:auto\" srcset=\"https:\/\/www.psoriasis-trust.com\/wp-content\/uploads\/2025\/05\/Zrzut-ekranu-2025-05-2-o-15.01.48.png 830w, https:\/\/www.psoriasis-trust.com\/wp-content\/uploads\/2025\/05\/Zrzut-ekranu-2025-05-2-o-15.01.48-300x282.png 300w, https:\/\/www.psoriasis-trust.com\/wp-content\/uploads\/2025\/05\/Zrzut-ekranu-2025-05-2-o-15.01.48-768x722.png 768w, https:\/\/www.psoriasis-trust.com\/wp-content\/uploads\/2025\/05\/Zrzut-ekranu-2025-05-2-o-15.01.48-13x12.png 13w\" sizes=\"(max-width: 830px) 100vw, 830px\" \/><\/figure>\n<\/div>\n\n\n\n<div class=\"wp-block-column is-layout-flow wp-block-column-is-layout-flow\" style=\"flex-basis:40%\">\n<h4 class=\"wp-block-heading has-text-align-center\" style=\"font-size:23px\"><strong><em>STANDARDY<\/em> <em>jakie<\/em> <em>KOSMETYKI<\/em> <em>musz\u0105 spe\u0142nia\u0107:<\/em><\/strong><\/h4>\n\n\n\n<p class=\"has-text-align-center has-source-serif-pro-font-family\">#1 SK\u0141ADNIKI I FORMULACJA<\/p>\n\n\n\n<p class=\"has-text-align-center has-source-serif-pro-font-family\" style=\"font-size:18px\">Produkty musz\u0105 zawiera\u0107 g\u0142\u00f3wnie naturalne, \u0142agodne sk\u0142adniki, kt\u00f3re s\u0105 bezpieczne dla sk\u00f3ry \u0142uszczycowej, unikaj\u0105c dra\u017cni\u0105cych substancji, takich jak siarczany, syntetyczne barwniki i zapachy. Formulacja produkt\u00f3w musi by\u0107 dostosowana do pH sk\u00f3ry, zapewnia\u0107 odpowiednie nawil\u017cenie oraz by\u0107 stabilna i skuteczna przez ca\u0142y okres ich trwa\u0142o\u015bci.<\/p>\n\n\n\n<hr class=\"wp-block-separator has-alpha-channel-opacity is-style-wide\"\/>\n\n\n\n<p class=\"has-text-align-center has-source-serif-pro-font-family\">#2 TESTY I BEZPIECZE\u0143STWO<\/p>\n\n\n\n<p class=\"has-text-align-center has-source-serif-pro-font-family\" style=\"font-size:18px\">Aby zapewni\u0107 najwy\u017cszy poziom bezpiecze\u0144stwa i skuteczno\u015bci, wszystkie produkty musz\u0105 przej\u015b\u0107 badania dermatologiczne, aplikacyjne i aparaturowe.<\/p>\n\n\n\n<hr class=\"wp-block-separator has-alpha-channel-opacity is-style-wide\"\/>\n\n\n\n<p class=\"has-text-align-center has-source-serif-pro-font-family\">#3 WERYFIKACJA I OCENA<\/p>\n\n\n\n<p class=\"has-text-align-center has-source-serif-pro-font-family\" style=\"font-size:18px\">Nasze procesy weryfikacji i oceny obejmuj\u0105 dok\u0142adne badania dermatologiczne, opinie ekspert\u00f3w oraz bezpo\u015brednie opinie u\u017cytkownik\u00f3w, aby zapewni\u0107 najwy\u017cszy poziom bezpiecze\u0144stwa i skuteczno\u015bci produkt\u00f3w.<\/p>\n\n\n\n<hr class=\"wp-block-separator has-alpha-channel-opacity is-style-wide\"\/>\n\n\n\n<p class=\"has-text-align-center has-source-serif-pro-font-family\">#4 KOMFORT U\u017bYTKOWANIA I DO\u015aWIADCZENIA KONSUMENTA<\/p>\n\n\n\n<p class=\"has-text-align-center has-source-serif-pro-font-family\" style=\"font-size:18px\">Aby zapewni\u0107, \u017ce produkty oznaczone znakiem \u201ePsoriasis Trust - European Quality\u201d nie tylko s\u0105 skuteczne, ale tak\u017ce przyjemne i wygodne w u\u017cyciu, oceniamy aspekty takie jak tekstura i aplikacja, zapach i wygl\u0105d oraz funkcjonalno\u015b\u0107 opakowania.<\/p>\n\n\n\n<div class=\"wp-block-buttons is-content-justification-center is-layout-flex wp-container-core-buttons-is-layout-a89b3969 wp-block-buttons-is-layout-flex\">\n<div class=\"wp-block-button\"><a class=\"wp-block-button__link has-custom-font-size wp-element-button\" href=\"http:\/\/www.psoriasis-trust.com\/wp-content\/uploads\/2025\/04\/Standards-1.pdf\" style=\"font-size:14px\" target=\"_blank\" rel=\"noreferrer noopener\">SPRAWD\u0179 SZCZEG\u00d3\u0141Y<\/a><\/div>\n<\/div>\n<\/div>\n<\/div>\n\n\n\n<div style=\"height:0px\" aria-hidden=\"true\" class=\"wp-block-spacer wp-container-content-6414ca46\"><\/div>\n<\/div>","protected":false},"excerpt":{"rendered":"<p>STANDARDS that COSMETICS must meet: #1 INGREDIENTS AND FORMULATION Products must primarily contain natural, gentle ingredients that are safe for psoriasis-affected skin, avoiding irritating substances such as sulfates, synthetic dyes, and fragrances. The formulation of the products must be pH-balanced for the skin, provide adequate hydration, and remain stable and effective throughout their shelf life. [&hellip;]<\/p>","protected":false},"author":1,"featured_media":0,"parent":0,"menu_order":0,"comment_status":"closed","ping_status":"closed","template":"","meta":{"footnotes":""},"class_list":["post-105","page","type-page","status-publish","hentry"],"yoast_head":"<!-- This site is optimized with the Yoast SEO plugin v24.9 - https:\/\/yoast.com\/wordpress\/plugins\/seo\/ -->\n<title>- psoriasis-trust<\/title>\n<meta name=\"robots\" content=\"index, follow, max-snippet:-1, max-image-preview:large, max-video-preview:-1\" \/>\n<link rel=\"canonical\" href=\"https:\/\/www.psoriasis-trust.com\/pl\/standards\/\" \/>\n<meta property=\"og:locale\" content=\"pl_PL\" \/>\n<meta property=\"og:type\" content=\"article\" \/>\n<meta property=\"og:title\" content=\"- psoriasis-trust\" \/>\n<meta property=\"og:description\" content=\"STANDARDS that COSMETICS must meet: #1 INGREDIENTS AND FORMULATION Products must primarily contain natural, gentle ingredients that are safe for psoriasis-affected skin, avoiding irritating substances such as sulfates, synthetic dyes, and fragrances. The formulation of the products must be pH-balanced for the skin, provide adequate hydration, and remain stable and effective throughout their shelf life. [&hellip;]\" \/>\n<meta property=\"og:url\" content=\"https:\/\/www.psoriasis-trust.com\/pl\/standards\/\" \/>\n<meta property=\"og:site_name\" content=\"psoriasis-trust\" \/>\n<meta property=\"article:modified_time\" content=\"2025-05-02T13:54:01+00:00\" \/>\n<meta property=\"og:image\" content=\"http:\/\/www.psoriasis-trust.com\/wp-content\/uploads\/2025\/05\/Zrzut-ekranu-2025-05-2-o-14.48.34-1024x799.png\" \/>\n<meta name=\"twitter:card\" content=\"summary_large_image\" \/>\n<meta name=\"twitter:label1\" content=\"Szacowany czas czytania\" \/>\n\t<meta name=\"twitter:data1\" content=\"2 minuty\" \/>\n<script type=\"application\/ld+json\" class=\"yoast-schema-graph\">{\"@context\":\"https:\/\/schema.org\",\"@graph\":[{\"@type\":\"WebPage\",\"@id\":\"https:\/\/www.psoriasis-trust.com\/standards\/\",\"url\":\"https:\/\/www.psoriasis-trust.com\/standards\/\",\"name\":\"- psoriasis-trust\",\"isPartOf\":{\"@id\":\"http:\/\/www.psoriasis-trust.com\/#website\"},\"primaryImageOfPage\":{\"@id\":\"https:\/\/www.psoriasis-trust.com\/standards\/#primaryimage\"},\"image\":{\"@id\":\"https:\/\/www.psoriasis-trust.com\/standards\/#primaryimage\"},\"thumbnailUrl\":\"http:\/\/www.psoriasis-trust.com\/wp-content\/uploads\/2025\/05\/Zrzut-ekranu-2025-05-2-o-14.48.34-1024x799.png\",\"datePublished\":\"2025-04-28T12:37:46+00:00\",\"dateModified\":\"2025-05-02T13:54:01+00:00\",\"inLanguage\":\"pl-PL\",\"potentialAction\":[{\"@type\":\"ReadAction\",\"target\":[\"https:\/\/www.psoriasis-trust.com\/standards\/\"]}]},{\"@type\":\"ImageObject\",\"inLanguage\":\"pl-PL\",\"@id\":\"https:\/\/www.psoriasis-trust.com\/standards\/#primaryimage\",\"url\":\"http:\/\/www.psoriasis-trust.com\/wp-content\/uploads\/2025\/05\/Zrzut-ekranu-2025-05-2-o-14.48.34-1024x799.png\",\"contentUrl\":\"http:\/\/www.psoriasis-trust.com\/wp-content\/uploads\/2025\/05\/Zrzut-ekranu-2025-05-2-o-14.48.34-1024x799.png\"},{\"@type\":\"WebSite\",\"@id\":\"http:\/\/www.psoriasis-trust.com\/#website\",\"url\":\"http:\/\/www.psoriasis-trust.com\/\",\"name\":\"psoriasis-trust\",\"description\":\"\",\"publisher\":{\"@id\":\"http:\/\/www.psoriasis-trust.com\/#organization\"},\"potentialAction\":[{\"@type\":\"SearchAction\",\"target\":{\"@type\":\"EntryPoint\",\"urlTemplate\":\"http:\/\/www.psoriasis-trust.com\/?s={search_term_string}\"},\"query-input\":{\"@type\":\"PropertyValueSpecification\",\"valueRequired\":true,\"valueName\":\"search_term_string\"}}],\"inLanguage\":\"pl-PL\"},{\"@type\":\"Organization\",\"@id\":\"http:\/\/www.psoriasis-trust.com\/#organization\",\"name\":\"psoriasis-trust\",\"url\":\"http:\/\/www.psoriasis-trust.com\/\",\"logo\":{\"@type\":\"ImageObject\",\"inLanguage\":\"pl-PL\",\"@id\":\"http:\/\/www.psoriasis-trust.com\/#\/schema\/logo\/image\/\",\"url\":\"https:\/\/www.psoriasis-trust.com\/wp-content\/uploads\/2025\/04\/cropped-Kopia-\u2013-Lay-out-strona-www-e1721824590435.png\",\"contentUrl\":\"https:\/\/www.psoriasis-trust.com\/wp-content\/uploads\/2025\/04\/cropped-Kopia-\u2013-Lay-out-strona-www-e1721824590435.png\",\"width\":512,\"height\":512,\"caption\":\"psoriasis-trust\"},\"image\":{\"@id\":\"http:\/\/www.psoriasis-trust.com\/#\/schema\/logo\/image\/\"}}]}<\/script>\n<!-- \/ Yoast SEO plugin. -->","yoast_head_json":{"title":"- psoriasis-trust","robots":{"index":"index","follow":"follow","max-snippet":"max-snippet:-1","max-image-preview":"max-image-preview:large","max-video-preview":"max-video-preview:-1"},"canonical":"https:\/\/www.psoriasis-trust.com\/pl\/standards\/","og_locale":"pl_PL","og_type":"article","og_title":"- psoriasis-trust","og_description":"STANDARDS that COSMETICS must meet: #1 INGREDIENTS AND FORMULATION Products must primarily contain natural, gentle ingredients that are safe for psoriasis-affected skin, avoiding irritating substances such as sulfates, synthetic dyes, and fragrances. The formulation of the products must be pH-balanced for the skin, provide adequate hydration, and remain stable and effective throughout their shelf life. [&hellip;]","og_url":"https:\/\/www.psoriasis-trust.com\/pl\/standards\/","og_site_name":"psoriasis-trust","article_modified_time":"2025-05-02T13:54:01+00:00","og_image":[{"url":"http:\/\/www.psoriasis-trust.com\/wp-content\/uploads\/2025\/05\/Zrzut-ekranu-2025-05-2-o-14.48.34-1024x799.png","type":"","width":"","height":""}],"twitter_card":"summary_large_image","twitter_misc":{"Szacowany czas czytania":"2 minuty"},"schema":{"@context":"https:\/\/schema.org","@graph":[{"@type":"WebPage","@id":"https:\/\/www.psoriasis-trust.com\/standards\/","url":"https:\/\/www.psoriasis-trust.com\/standards\/","name":"- psoriasis-trust","isPartOf":{"@id":"http:\/\/www.psoriasis-trust.com\/#website"},"primaryImageOfPage":{"@id":"https:\/\/www.psoriasis-trust.com\/standards\/#primaryimage"},"image":{"@id":"https:\/\/www.psoriasis-trust.com\/standards\/#primaryimage"},"thumbnailUrl":"http:\/\/www.psoriasis-trust.com\/wp-content\/uploads\/2025\/05\/Zrzut-ekranu-2025-05-2-o-14.48.34-1024x799.png","datePublished":"2025-04-28T12:37:46+00:00","dateModified":"2025-05-02T13:54:01+00:00","inLanguage":"pl-PL","potentialAction":[{"@type":"ReadAction","target":["https:\/\/www.psoriasis-trust.com\/standards\/"]}]},{"@type":"ImageObject","inLanguage":"pl-PL","@id":"https:\/\/www.psoriasis-trust.com\/standards\/#primaryimage","url":"http:\/\/www.psoriasis-trust.com\/wp-content\/uploads\/2025\/05\/Zrzut-ekranu-2025-05-2-o-14.48.34-1024x799.png","contentUrl":"http:\/\/www.psoriasis-trust.com\/wp-content\/uploads\/2025\/05\/Zrzut-ekranu-2025-05-2-o-14.48.34-1024x799.png"},{"@type":"WebSite","@id":"http:\/\/www.psoriasis-trust.com\/#website","url":"http:\/\/www.psoriasis-trust.com\/","name":"psoriasis-trust","description":"","publisher":{"@id":"http:\/\/www.psoriasis-trust.com\/#organization"},"potentialAction":[{"@type":"SearchAction","target":{"@type":"EntryPoint","urlTemplate":"http:\/\/www.psoriasis-trust.com\/?s={search_term_string}"},"query-input":{"@type":"PropertyValueSpecification","valueRequired":true,"valueName":"search_term_string"}}],"inLanguage":"pl-PL"},{"@type":"Organization","@id":"http:\/\/www.psoriasis-trust.com\/#organization","name":"psoriasis-trust","url":"http:\/\/www.psoriasis-trust.com\/","logo":{"@type":"ImageObject","inLanguage":"pl-PL","@id":"http:\/\/www.psoriasis-trust.com\/#\/schema\/logo\/image\/","url":"https:\/\/www.psoriasis-trust.com\/wp-content\/uploads\/2025\/04\/cropped-Kopia-\u2013-Lay-out-strona-www-e1721824590435.png","contentUrl":"https:\/\/www.psoriasis-trust.com\/wp-content\/uploads\/2025\/04\/cropped-Kopia-\u2013-Lay-out-strona-www-e1721824590435.png","width":512,"height":512,"caption":"psoriasis-trust"},"image":{"@id":"http:\/\/www.psoriasis-trust.com\/#\/schema\/logo\/image\/"}}]}},"_links":{"self":[{"href":"https:\/\/www.psoriasis-trust.com\/pl\/wp-json\/wp\/v2\/pages\/105","targetHints":{"allow":["GET"]}}],"collection":[{"href":"https:\/\/www.psoriasis-trust.com\/pl\/wp-json\/wp\/v2\/pages"}],"about":[{"href":"https:\/\/www.psoriasis-trust.com\/pl\/wp-json\/wp\/v2\/types\/page"}],"author":[{"embeddable":true,"href":"https:\/\/www.psoriasis-trust.com\/pl\/wp-json\/wp\/v2\/users\/1"}],"replies":[{"embeddable":true,"href":"https:\/\/www.psoriasis-trust.com\/pl\/wp-json\/wp\/v2\/comments?post=105"}],"version-history":[{"count":4,"href":"https:\/\/www.psoriasis-trust.com\/pl\/wp-json\/wp\/v2\/pages\/105\/revisions"}],"predecessor-version":[{"id":193,"href":"https:\/\/www.psoriasis-trust.com\/pl\/wp-json\/wp\/v2\/pages\/105\/revisions\/193"}],"wp:attachment":[{"href":"https:\/\/www.psoriasis-trust.com\/pl\/wp-json\/wp\/v2\/media?parent=105"}],"curies":[{"name":"wp","href":"https:\/\/api.w.org\/{rel}","templated":true}]}}